{"id":30,"date":"2022-10-12T06:40:09","date_gmt":"2022-10-12T04:40:09","guid":{"rendered":"https:\/\/wiener.ch\/thorgevsky-wiener\/?page_id=30"},"modified":"2022-10-13T13:33:23","modified_gmt":"2022-10-13T11:33:23","slug":"thorgevsky-wiener","status":"publish","type":"page","link":"https:\/\/wiener.ch\/thorgevsky-wiener\/","title":{"rendered":"Thorgevsky &#038; Wiener"},"content":{"rendered":"\n<figure class=\"wp-block-image size-large\"><img loading=\"lazy\" decoding=\"async\" width=\"820\" height=\"1024\" src=\"https:\/\/wiener.ch\/thorgevsky-wiener\/wp-content\/uploads\/sites\/5\/2022\/10\/hotsongs-820x1024.jpg\" alt=\"\" class=\"wp-image-39\" srcset=\"https:\/\/wiener.ch\/thorgevsky-wiener\/wp-content\/uploads\/sites\/5\/2022\/10\/hotsongs-820x1024.jpg 820w, https:\/\/wiener.ch\/thorgevsky-wiener\/wp-content\/uploads\/sites\/5\/2022\/10\/hotsongs-240x300.jpg 240w, https:\/\/wiener.ch\/thorgevsky-wiener\/wp-content\/uploads\/sites\/5\/2022\/10\/hotsongs-768x959.jpg 768w, https:\/\/wiener.ch\/thorgevsky-wiener\/wp-content\/uploads\/sites\/5\/2022\/10\/hotsongs-1230x1536.jpg 1230w, https:\/\/wiener.ch\/thorgevsky-wiener\/wp-content\/uploads\/sites\/5\/2022\/10\/hotsongs-1640x2048.jpg 1640w, https:\/\/wiener.ch\/thorgevsky-wiener\/wp-content\/uploads\/sites\/5\/2022\/10\/hotsongs.jpg 1891w\" sizes=\"auto, (max-width: 820px) 100vw, 820px\" \/><figcaption>Foto Claude Giger<\/figcaption><\/figure>\n\n\n\n<p>Maria Thorgevsky und Dan Wiener haben sich 1989 in Z\u00fcrich kennen gelernt und haben seither \u00fcber 30 Eigenkreationen auf die B\u00fchne gebracht, die sie oft auf Grund von literarischen Vorlagen erarbeitet hatten. Ihre Vielseitigkeit und Musikalit\u00e4t erlaubte es ihnen jeder Geschichte eine eigene Umsetzung und damit einen eigenen Charakter zu verleihen. Die Russin und der Schweizer bewegten sich mit Leichtigkeit und viel K\u00f6nnen auf hohem Niveau, auf den unterschiedlichsten B\u00fchnen im In- und Ausland, in verschiedenen Sprachr\u00e4umen und in einem Spektrum, das von klassischem Theater, Theater f\u00fcr Kinder \u00fcber Chanson und Kabarett bis zu Konzerten und Galas geht.<\/p>\n\n\n\n<p>Maria Thorgevsky begeistert ihr Publikum immer wieder mit ihrer grossen Ausstrahlung und ph\u00e4nomenalen Wandlungsf\u00e4higkeit. Gemeinsam mit Dan Wiener hat sie in der Schweiz unz\u00e4hlige Theater- und Musikproduktionen kreiert, und diese auf Tourn\u00e9en gespielt, die sie bis Griechenland und Mexico f\u00fchrten, um zwei der exotischeren Destinationen zu nennen. Maria Thorgevsky zeichnete bei den Eigenproduktionen oft f\u00fcr die Konzeption und Dramaturgie verantwortlich. Sie wurde mehrfach preisgekr\u00f6nt (Salzburger Stier, Tschechow-Preis) und stand &#8211; dank ihrer grossen Radio- und TV-Erfahrung aus St. Petersburg &#8211; auch hier vor der Kamera und dem Mikrophon.<br>Seit ein paar Jahren f\u00fchrt Maria Thorgevsky auch immer wieder erfolgreich Regie, so zuletzt bei der Produktion \u201eZ\u00fcrich-Petrograd einfach. Eine Zugfahrt mit Lenin&#8220;.<\/p>\n\n\n\n<p>Dan Wiener, der gelernte Theatermann (Schauspielakademie Z\u00fcrich) war in 25 B\u00fchnenjahren viel mehr als nur Schauspieler. Er hat gemeinsam mit Maria Thorgevsky eine breite Palette an B\u00fchnenkunst kreiert und produziert: Theaterst\u00fccke, Konzerte und CDs mit Russischen Liedern, Erz\u00e4hlungen, Musikproduktionen, Poesie, Geschichten und Lieder f\u00fcr Erwachsene und Kinder, wurde mehrfach preisgekr\u00f6nt (Salzburger Stier, Tschechow-Preis) und stand dazwischen immer wieder auch solo auf B\u00fchnen, vor dem Radio-Mikrofon und der TV-Kamera.<br>Um die Geschichten auf der B\u00fchne spielen zu k\u00f6nnen, \u00fcbersetzte Dan Wiener u.a. Tschechow und Charms aus dem Russischen und Scholem Alejchem aus dem Jiddischen ins Deutsche. Dazu komponiert das Multitalent Theatermusik, schreibt Texte, moderiert Anl\u00e4sse auf deutsch, englisch, franz\u00f6sisch und russisch und ist ein international gefragter Kommunikations-Spezialist.<\/p>\n","protected":false},"excerpt":{"rendered":"<p>Maria Thorgevsky und Dan Wiener haben sich 1989 in Z\u00fcrich kennen gelernt und haben seither \u00fcber 30 Eigenkreationen auf die B\u00fchne gebracht, die sie oft auf Grund von literarischen Vorlagen erarbeitet hatten. Ihre Vielseitigkeit und Musikalit\u00e4t erlaubte es ihnen jeder Geschichte eine eigene Umsetzung und damit einen eigenen Charakter zu verleihen. Die Russin und der [&hellip;]<\/p>\n","protected":false},"author":1,"featured_media":0,"parent":0,"menu_order":0,"comment_status":"closed","ping_status":"closed","template":"","meta":{"footnotes":""},"class_list":["post-30","page","type-page","status-publish","hentry"],"_links":{"self":[{"href":"https:\/\/wiener.ch\/thorgevsky-wiener\/wp-json\/wp\/v2\/pages\/30","targetHints":{"allow":["GET"]}}],"collection":[{"href":"https:\/\/wiener.ch\/thorgevsky-wiener\/wp-json\/wp\/v2\/pages"}],"about":[{"href":"https:\/\/wiener.ch\/thorgevsky-wiener\/wp-json\/wp\/v2\/types\/page"}],"author":[{"embeddable":true,"href":"https:\/\/wiener.ch\/thorgevsky-wiener\/wp-json\/wp\/v2\/users\/1"}],"replies":[{"embeddable":true,"href":"https:\/\/wiener.ch\/thorgevsky-wiener\/wp-json\/wp\/v2\/comments?post=30"}],"version-history":[{"count":4,"href":"https:\/\/wiener.ch\/thorgevsky-wiener\/wp-json\/wp\/v2\/pages\/30\/revisions"}],"predecessor-version":[{"id":42,"href":"https:\/\/wiener.ch\/thorgevsky-wiener\/wp-json\/wp\/v2\/pages\/30\/revisions\/42"}],"wp:attachment":[{"href":"https:\/\/wiener.ch\/thorgevsky-wiener\/wp-json\/wp\/v2\/media?parent=30"}],"curies":[{"name":"wp","href":"https:\/\/api.w.org\/{rel}","templated":true}]}}