{"id":12,"date":"2022-09-21T14:26:52","date_gmt":"2022-09-21T12:26:52","guid":{"rendered":"https:\/\/wiener.ch\/thorgevsky-wiener\/?page_id=12"},"modified":"2022-10-24T19:32:03","modified_gmt":"2022-10-24T17:32:03","slug":"archiv-thematisch%ef%bf%bc","status":"publish","type":"page","link":"https:\/\/wiener.ch\/thorgevsky-wiener\/archiv-thematisch%ef%bf%bc\/","title":{"rendered":"Anl\u00e4sse"},"content":{"rendered":"\n<figure class=\"wp-block-image size-full\"><img loading=\"lazy\" decoding=\"async\" width=\"1000\" height=\"667\" src=\"https:\/\/wiener.ch\/thorgevsky-wiener\/wp-content\/uploads\/sites\/5\/2022\/10\/Hypi.jpg\" alt=\"\" class=\"wp-image-86\" srcset=\"https:\/\/wiener.ch\/thorgevsky-wiener\/wp-content\/uploads\/sites\/5\/2022\/10\/Hypi.jpg 1000w, https:\/\/wiener.ch\/thorgevsky-wiener\/wp-content\/uploads\/sites\/5\/2022\/10\/Hypi-300x200.jpg 300w, https:\/\/wiener.ch\/thorgevsky-wiener\/wp-content\/uploads\/sites\/5\/2022\/10\/Hypi-768x512.jpg 768w\" sizes=\"auto, (max-width: 1000px) 100vw, 1000px\" \/><\/figure>\n\n\n\n<p>Maria Thorgevsky &amp; Dan Wiener haben \u00fcber die B\u00fchnenprogramme hinaus \u00fcber Jahre immer wieder ganze Anl\u00e4sse gestaltet, Szenen entwickelt, erz\u00e4hlt gespielt, oder moderiert und das auf&nbsp;<strong>deutsch, franz\u00f6sisch, englisch oder russisch<\/strong>.<\/p>\n\n\n\n<p>Zu ihrem Publikum z\u00e4hlten Computerspezialisten, Astronomen, Offiziere, Zahn\u00e4rzte, Hochzeits- und Geburtstagsg\u00e4ste, Kinder und Erwachsene.<\/p>\n\n\n\n<p>Dan Wiener hat u.A. f\u00fcr die 300 Jahrfeier Liechtensteins die Inhalte und Moderationen entwickelt, um ein gr\u00f6sseres Beispiel zu nennen mit \u00fcber 1000 Beteiligten und einer Gala f\u00fcr geladene G\u00e4ste, die F\u00fcrstenfamilie, die Bundespr\u00e4sidenten der Schweiz, \u00d6sterreichs und Deutschlands.<\/p>\n\n\n\n<p>Maria Thorgevsky hat ihrerseits bereits f\u00fcr zwei 150-Jahr-Jubil\u00e4en von Banken massgeschneiderte Szenen entwickelt geschrieben und bei der Umsetzung Regie gef\u00fchrt.<\/p>\n\n\n\n<p>Aber auch Themen aus 1001 Nacht, \u00fcber den Wein, die Sterne und die Zeit, \u00fcber das Lesen und B\u00fccher, die Liebe, den Stummfilm, die 20er Jahre, die 60er Jahre sind nur einige Beispiele daf\u00fcr, die Thorgevsky &amp; Wiener f\u00fcr Anl\u00e4sse bearbeitet und zu Zweit oder weiteren B\u00fchnenpartnern umgesetzt haben.<\/p>\n\n\n\n<p>Sie verf\u00fcgen \u00fcber ein immenses Repertoire von ausgelesenen internationalen Chansons, Showelementen und Sketches, freuen sich andererseits aber auch immer \u00fcber Anregungen Neues zu entwickeln und auszuprobieren.<\/p>\n\n\n\n<p>Ideal f\u00fcr Anl\u00e4sse, Kongresse, Galas in jeder Gr\u00f6sse.<br>Unterhaltend, intelligent, \u00fcberraschend und auf h\u00f6chstem Niveau.<\/p>\n\n\n\n<p>Wir freuen uns auch hier auf immer wieder neue Herausforderungen.<\/p>\n","protected":false},"excerpt":{"rendered":"<p>Maria Thorgevsky &amp; Dan Wiener haben \u00fcber die B\u00fchnenprogramme hinaus \u00fcber Jahre immer wieder ganze Anl\u00e4sse gestaltet, Szenen entwickelt, erz\u00e4hlt gespielt, oder moderiert und das auf&nbsp;deutsch, franz\u00f6sisch, englisch oder russisch. Zu ihrem Publikum z\u00e4hlten Computerspezialisten, Astronomen, Offiziere, Zahn\u00e4rzte, Hochzeits- und Geburtstagsg\u00e4ste, Kinder und Erwachsene. Dan Wiener hat u.A. f\u00fcr die 300 Jahrfeier Liechtensteins die Inhalte [&hellip;]<\/p>\n","protected":false},"author":1,"featured_media":0,"parent":0,"menu_order":0,"comment_status":"closed","ping_status":"closed","template":"","meta":{"footnotes":""},"class_list":["post-12","page","type-page","status-publish","hentry"],"_links":{"self":[{"href":"https:\/\/wiener.ch\/thorgevsky-wiener\/wp-json\/wp\/v2\/pages\/12","targetHints":{"allow":["GET"]}}],"collection":[{"href":"https:\/\/wiener.ch\/thorgevsky-wiener\/wp-json\/wp\/v2\/pages"}],"about":[{"href":"https:\/\/wiener.ch\/thorgevsky-wiener\/wp-json\/wp\/v2\/types\/page"}],"author":[{"embeddable":true,"href":"https:\/\/wiener.ch\/thorgevsky-wiener\/wp-json\/wp\/v2\/users\/1"}],"replies":[{"embeddable":true,"href":"https:\/\/wiener.ch\/thorgevsky-wiener\/wp-json\/wp\/v2\/comments?post=12"}],"version-history":[{"count":4,"href":"https:\/\/wiener.ch\/thorgevsky-wiener\/wp-json\/wp\/v2\/pages\/12\/revisions"}],"predecessor-version":[{"id":87,"href":"https:\/\/wiener.ch\/thorgevsky-wiener\/wp-json\/wp\/v2\/pages\/12\/revisions\/87"}],"wp:attachment":[{"href":"https:\/\/wiener.ch\/thorgevsky-wiener\/wp-json\/wp\/v2\/media?parent=12"}],"curies":[{"name":"wp","href":"https:\/\/api.w.org\/{rel}","templated":true}]}}