{"id":10,"date":"2022-09-21T14:26:44","date_gmt":"2022-09-21T12:26:44","guid":{"rendered":"https:\/\/wiener.ch\/thorgevsky-wiener\/?page_id=10"},"modified":"2022-10-24T19:21:54","modified_gmt":"2022-10-24T17:21:54","slug":"archiv-chronologisch%ef%bf%bc","status":"publish","type":"page","link":"https:\/\/wiener.ch\/thorgevsky-wiener\/archiv-chronologisch%ef%bf%bc\/","title":{"rendered":"Archiv"},"content":{"rendered":"\n<p>Hier eine Aufz\u00e4hlung der meisten Eigenproduktionen seit 1989<\/p>\n\n\n\n<figure class=\"wp-block-table\"><table><tbody><tr><td>1989<\/td><td>Russische Zigeunerlieder<\/td><td>Konzert<\/td><\/tr><tr><td>1990<\/td><td>Russische Volkslieder, Geschichten und M\u00e4rchen<\/td><td>Konzert und M\u00e4rchen f\u00fcr Kinder<\/td><\/tr><tr><td>1991<\/td><td>HOT SONGS FROM THE COLD WAR<\/td><td>Kabarett<\/td><\/tr><tr><td>1992<\/td><td>Das Postmeisterm\u00e4rchen &#8211; nach Karel Capek<\/td><td>Theater f\u00fcr Kinder<\/td><\/tr><tr><td>1994<\/td><td>Charms!<\/td><td>Theater<\/td><\/tr><tr><td>1994<\/td><td>Blok<\/td><td>Lyrik &amp; Msuik<\/td><\/tr><tr><td>1994<\/td><td>3 CD&#8217;s mit Russischen Liedern<\/td><td>CD-Produktion<\/td><\/tr><tr><td>1995<\/td><td>Der Tiger auf der Strasse ( Daniil Charms)<\/td><td>Theater f\u00fcr Kinder<\/td><\/tr><tr><td>1995<\/td><td>b\u00e9n\u00e9fice &#8211; eine Hommage ans Theater<\/td><td>Theater<\/td><\/tr><tr><td>1996<\/td><td>75 000 nach Scholem Alejchem<\/td><td>Theater<\/td><\/tr><tr><td>1997<\/td><td>Die Heirat nach Nikolaj Gogol<\/td><td>Theater<\/td><\/tr><tr><td>1998<\/td><td>Salzburger Stier (f\u00fcr Hot Songs&#8230;)<\/td><td>Preis<\/td><\/tr><tr><td>1998<\/td><td>Der Fall Don Juan<\/td><td>Theater<\/td><\/tr><tr><td>1999<\/td><td>Es ist eine L\u00fcge &#8211; Geschichten von Scholem Alejchem<\/td><td>Theater<\/td><\/tr><tr><td>1999<\/td><td>K\u00f6nig Hirsch nach Carlo Gozzi<\/td><td>Open Air Theater<\/td><\/tr><tr><td>2000<\/td><td>Lady Macbeth aus dem Landkreis Mzensk nach Nikolaj Leskow<\/td><td>Theater<\/td><\/tr><tr><td>2001<\/td><td>Was wir Unterhaltung verstehen<\/td><td>Kabarett und Chansons<\/td><\/tr><tr><td>2001<\/td><td>CD &#8222;In Deinem Land&#8220;<\/td><td>Chansons<\/td><\/tr><tr><td>2002 <\/td><td>Alice hinter den Spiegeln &#8211; nach Lewis Caroll<\/td><td>Musik-Theater f\u00fcr Kinder<\/td><\/tr><tr><td>2003<\/td><td>Scht\u00e4rnschnuppe &#8211; CD<\/td><td>Geschichten und Lieder f\u00fcr Kinder<\/td><\/tr><tr><td>2004<\/td><td>Mountains don&#8217;t move, do they?<\/td><td>Musikalisch-visuelle Erz\u00e4hlung<\/td><\/tr><tr><td>2005<\/td><td>Salon St. Petersburg<\/td><td>Lyrik und Romanzen<\/td><\/tr><tr><td>2005<\/td><td>Die Bremer Stadtmusikanten<\/td><td>Musiktheater f\u00fcr Kinder<\/td><\/tr><tr><td>2005<\/td><td>Verehrter Anton Pawlowitsch (Tschechow)<\/td><td>Theater<\/td><\/tr><tr><td>2006<\/td><td>Schlafland CD<\/td><td>Geschichten und Lieder f\u00fcr Kinder<\/td><\/tr><tr><td>2006<\/td><td>Moli\u00e8re und die Kabale der Scheinheiligen<\/td><td>Theater<\/td><\/tr><tr><td>2007<\/td><td>Die Nacht vor Weihnachten &#8211; nach N. Gogol<\/td><td>Theater<\/td><\/tr><tr><td>2007<\/td><td>5 Konzerte f\u00fcr K\u00f6ngskinder (mit dem Sinfonieorchester Basel)<\/td><td>Musikvermittlung f\u00fcr Kinder<\/td><\/tr><tr><td>2009<\/td><td>Noah&#8217;s Flood (Coproduktion mit der M\u00e4dchenkantorei Basel)<\/td><td>Oper f\u00fcr Kinder (und mit Kindern)<\/td><\/tr><tr><td>2010<\/td><td>Phantasiegeschichten<\/td><td>Geschichten und Lieder f\u00fcr Kinder<\/td><\/tr><tr><td>2010<\/td><td>Vo M\u00f6nsche u Tier<\/td><td>Kabarett und Songs<\/td><\/tr><tr><td>2011<\/td><td>Clinch &#8211; Philosophie, Theater und Musik<\/td><td>Musiktheater<\/td><\/tr><tr><td>2012<\/td><td>7 Heimat-Abende<\/td><td>Talk und Kultur<\/td><\/tr><tr><td>2013<\/td><td>Chansons du Liman au L\u00e9man &#8211; vinologische Kulturbr\u00fccke Ukraine-Schweiz<\/td><td>Konzert und Texte<\/td><\/tr><tr><td>2014<\/td><td>Tejbele nach I.B. Singer<\/td><td>Theater und Jubil\u00e4um<\/td><\/tr><tr><td>2015<\/td><td>Mein pers\u00f6nliches Familienalbum<\/td><td>Theater<\/td><\/tr><tr><td>2017<\/td><td>1917 &#8211; Z\u00fcrich-Petrograd einfach &#8211; eine szenische Zugreise mit Lenin<\/td><td>Theater<\/td><\/tr><tr><td>2018<\/td><td>Fritz und Paul Sarasin im Museum der Kulturen Basel<\/td><td>Anthropologisches Theater<\/td><\/tr><tr><td>2019<\/td><td>M\u00e4rchen der M\u00e4rchen<\/td><td>Theater f\u00fcr Kinder<\/td><\/tr><tr><td>2020<\/td><td>Noahs Neue Arche &#8211; Interviews und Musik<\/td><td>Theater<\/td><\/tr><tr><td>2021<\/td><td>Dostojevskij und Holbein im Kunstmuseum Basel<\/td><td>Szenische Museumsf\u00fchrung<\/td><\/tr><tr><td>2021<\/td><td>Die Besessenen von Dostoevskij erz\u00e4hlt aus Sicht von Varvara Petrovna<\/td><td>Theater<\/td><\/tr><\/tbody><\/table><\/figure>\n\n\n\n<p><\/p>\n","protected":false},"excerpt":{"rendered":"<p>Hier eine Aufz\u00e4hlung der meisten Eigenproduktionen seit 1989 1989 Russische Zigeunerlieder Konzert 1990 Russische Volkslieder, Geschichten und M\u00e4rchen Konzert und M\u00e4rchen f\u00fcr Kinder 1991 HOT SONGS FROM THE COLD WAR Kabarett 1992 Das Postmeisterm\u00e4rchen &#8211; nach Karel Capek Theater f\u00fcr Kinder 1994 Charms! Theater 1994 Blok Lyrik &amp; Msuik 1994 3 CD&#8217;s mit Russischen Liedern [&hellip;]<\/p>\n","protected":false},"author":1,"featured_media":0,"parent":0,"menu_order":0,"comment_status":"closed","ping_status":"closed","template":"","meta":{"footnotes":""},"class_list":["post-10","page","type-page","status-publish","hentry"],"_links":{"self":[{"href":"https:\/\/wiener.ch\/thorgevsky-wiener\/wp-json\/wp\/v2\/pages\/10","targetHints":{"allow":["GET"]}}],"collection":[{"href":"https:\/\/wiener.ch\/thorgevsky-wiener\/wp-json\/wp\/v2\/pages"}],"about":[{"href":"https:\/\/wiener.ch\/thorgevsky-wiener\/wp-json\/wp\/v2\/types\/page"}],"author":[{"embeddable":true,"href":"https:\/\/wiener.ch\/thorgevsky-wiener\/wp-json\/wp\/v2\/users\/1"}],"replies":[{"embeddable":true,"href":"https:\/\/wiener.ch\/thorgevsky-wiener\/wp-json\/wp\/v2\/comments?post=10"}],"version-history":[{"count":6,"href":"https:\/\/wiener.ch\/thorgevsky-wiener\/wp-json\/wp\/v2\/pages\/10\/revisions"}],"predecessor-version":[{"id":83,"href":"https:\/\/wiener.ch\/thorgevsky-wiener\/wp-json\/wp\/v2\/pages\/10\/revisions\/83"}],"wp:attachment":[{"href":"https:\/\/wiener.ch\/thorgevsky-wiener\/wp-json\/wp\/v2\/media?parent=10"}],"curies":[{"name":"wp","href":"https:\/\/api.w.org\/{rel}","templated":true}]}}