{"id":2,"date":"2022-09-21T14:10:53","date_gmt":"2022-09-21T12:10:53","guid":{"rendered":"https:\/\/wiener.ch\/maria-thorgevsky\/?page_id=2"},"modified":"2022-10-03T15:49:57","modified_gmt":"2022-10-03T13:49:57","slug":"regie","status":"publish","type":"page","link":"https:\/\/wiener.ch\/maria-thorgevsky\/regie\/","title":{"rendered":"Regie"},"content":{"rendered":"\n<figure class=\"wp-block-image size-large\"><img loading=\"lazy\" decoding=\"async\" width=\"1024\" height=\"682\" src=\"https:\/\/wiener.ch\/maria-thorgevsky\/wp-content\/uploads\/sites\/4\/2022\/10\/LeninsZug-1024x682.jpg\" alt=\"\" class=\"wp-image-35\" srcset=\"https:\/\/wiener.ch\/maria-thorgevsky\/wp-content\/uploads\/sites\/4\/2022\/10\/LeninsZug-1024x682.jpg 1024w, https:\/\/wiener.ch\/maria-thorgevsky\/wp-content\/uploads\/sites\/4\/2022\/10\/LeninsZug-300x200.jpg 300w, https:\/\/wiener.ch\/maria-thorgevsky\/wp-content\/uploads\/sites\/4\/2022\/10\/LeninsZug-768x512.jpg 768w, https:\/\/wiener.ch\/maria-thorgevsky\/wp-content\/uploads\/sites\/4\/2022\/10\/LeninsZug-1536x1024.jpg 1536w, https:\/\/wiener.ch\/maria-thorgevsky\/wp-content\/uploads\/sites\/4\/2022\/10\/LeninsZug.jpg 1667w\" sizes=\"auto, (max-width: 1024px) 100vw, 1024px\" \/><figcaption>&#8222;Z\u00fcrich-Petrograd-einfach&#8220; eine szenische Zugreise mit Lenin &#8211; Regie Maria Thorgevsky<\/figcaption><\/figure>\n\n\n\n<p>Maria Thorgevsky verf\u00fcgt neben ihrer fundierten Schaupiel-Ausbildung an der Leningrader Hochschule f\u00fcr Theater und Cinematographie \u00fcber eine grosse B\u00fchnenerfahrung, eine enorme szenische Phantasie und eine grosse Liebe zum Detail.<\/p>\n\n\n\n<p>Zuerst arbeitete sie vor allem in Schulprojekten, sp\u00e4ter auch mit erwachsenen Laien als Regisseurin \u00e4usserst erfolgreich. Inzwischen hat sie ihr K\u00f6nnen auch im professionellen Theater bewiesen.&nbsp;<\/p>\n\n\n\n<p>Ihre Schauspieler attestieren ihr immer wieder, dass sie in der Lage ist, sie pr\u00e4zise zu f\u00fchren und \u00fcber ihre \u00fcblichen Klischees hinaus zu bringen.<\/p>\n\n\n\n<p>Nach vielen Regiekonzepten und dramaturgischen Vorarbeiten f\u00fcr die Eigenproduktionen von Thorgevsky &amp; Wiener f\u00fchrte sie u.a. bei Bulgakovs&nbsp;<a href=\"https:\/\/www.wiener.ch\/de\/maria-thorgevsky\/9-thorgevsky-wiener\/13-moliere\" target=\"_blank\" rel=\"noreferrer noopener\">&#8222;Moli\u00e8re und die Kabale der Scheinheiligen&#8220;<\/a>erfolgreich Regie. Sie f\u00fchrte bei der Oper&nbsp;<a href=\"https:\/\/www.wiener.ch\/de\/maria-thorgevsky\/9-thorgevsky-wiener\/64-noahsflood\">&#8222;Noah&#8217;s Flood&#8220;<\/a>&nbsp;von Benjamin Britten Regie (Eine Coproduktion mit der M\u00e4dchenkantorei Basel) und war sowohl f\u00fcr die Dramatiserung wie f\u00fcr die Inszenierung des Romans&nbsp;<a href=\"https:\/\/www.wiener.ch\/de\/maria-thorgevsky\/9-thorgevsky-wiener\/65-bosegeister\" target=\"_blank\" rel=\"noreferrer noopener\">&#8222;B\u00f6se Geister \/ \u0431\u0435\u0441\u044b&#8220;<\/a>&nbsp;nach Dostojevskij auf der Kleinen B\u00fchne des Theater Basels verantwortlich (Projekt des Fachbereichs Osteuropa der Uni Basel).<\/p>\n\n\n\n<p>2017 folgte ein grosses Projekt&nbsp;<a href=\"https:\/\/www.wiener.ch\/de\/maria-thorgevsky\/9-thorgevsky-wiener\/285-zuerich-petrograd-einfach-eine-szenische-zugreise-mit-lenin\" target=\"_blank\" rel=\"noreferrer noopener\">\u00abZ\u00fcrich Petrograd einfach\u00bb<\/a>, das Lenins Zugfahrt zur Revolution und ihre Folgen zum Thema hatte. Text und Regie Maria Thorgevsky.<\/p>\n","protected":false},"excerpt":{"rendered":"<p>Maria Thorgevsky verf\u00fcgt neben ihrer fundierten Schaupiel-Ausbildung an der Leningrader Hochschule f\u00fcr Theater und Cinematographie \u00fcber eine grosse B\u00fchnenerfahrung, eine enorme szenische Phantasie und eine grosse Liebe zum Detail. Zuerst arbeitete sie vor allem in Schulprojekten, sp\u00e4ter auch mit erwachsenen Laien als Regisseurin \u00e4usserst erfolgreich. Inzwischen hat sie ihr K\u00f6nnen auch im professionellen Theater bewiesen.&nbsp; [&hellip;]<\/p>\n","protected":false},"author":1,"featured_media":0,"parent":0,"menu_order":0,"comment_status":"closed","ping_status":"closed","template":"","meta":{"footnotes":""},"class_list":["post-2","page","type-page","status-publish","hentry"],"_links":{"self":[{"href":"https:\/\/wiener.ch\/maria-thorgevsky\/wp-json\/wp\/v2\/pages\/2","targetHints":{"allow":["GET"]}}],"collection":[{"href":"https:\/\/wiener.ch\/maria-thorgevsky\/wp-json\/wp\/v2\/pages"}],"about":[{"href":"https:\/\/wiener.ch\/maria-thorgevsky\/wp-json\/wp\/v2\/types\/page"}],"author":[{"embeddable":true,"href":"https:\/\/wiener.ch\/maria-thorgevsky\/wp-json\/wp\/v2\/users\/1"}],"replies":[{"embeddable":true,"href":"https:\/\/wiener.ch\/maria-thorgevsky\/wp-json\/wp\/v2\/comments?post=2"}],"version-history":[{"count":3,"href":"https:\/\/wiener.ch\/maria-thorgevsky\/wp-json\/wp\/v2\/pages\/2\/revisions"}],"predecessor-version":[{"id":37,"href":"https:\/\/wiener.ch\/maria-thorgevsky\/wp-json\/wp\/v2\/pages\/2\/revisions\/37"}],"wp:attachment":[{"href":"https:\/\/wiener.ch\/maria-thorgevsky\/wp-json\/wp\/v2\/media?parent=2"}],"curies":[{"name":"wp","href":"https:\/\/api.w.org\/{rel}","templated":true}]}}