{"id":8,"date":"2022-09-21T14:27:37","date_gmt":"2022-09-21T12:27:37","guid":{"rendered":"https:\/\/wiener.ch\/dan-wiener\/?page_id=8"},"modified":"2022-10-13T20:07:00","modified_gmt":"2022-10-13T18:07:00","slug":"musik%ef%bf%bc","status":"publish","type":"page","link":"https:\/\/wiener.ch\/dan-wiener\/musik%ef%bf%bc\/","title":{"rendered":"Musik\ufffc"},"content":{"rendered":"\n<figure class=\"wp-block-image size-large\"><img loading=\"lazy\" decoding=\"async\" width=\"1024\" height=\"683\" src=\"https:\/\/wiener.ch\/dan-wiener\/wp-content\/uploads\/sites\/6\/2022\/10\/BASS-1024x683.jpg\" alt=\"\" class=\"wp-image-60\" srcset=\"https:\/\/wiener.ch\/dan-wiener\/wp-content\/uploads\/sites\/6\/2022\/10\/BASS-1024x683.jpg 1024w, https:\/\/wiener.ch\/dan-wiener\/wp-content\/uploads\/sites\/6\/2022\/10\/BASS-300x200.jpg 300w, https:\/\/wiener.ch\/dan-wiener\/wp-content\/uploads\/sites\/6\/2022\/10\/BASS-768x512.jpg 768w, https:\/\/wiener.ch\/dan-wiener\/wp-content\/uploads\/sites\/6\/2022\/10\/BASS.jpg 1512w\" sizes=\"auto, (max-width: 1024px) 100vw, 1024px\" \/><figcaption>Foto: Bernhard Fuchs<\/figcaption><\/figure>\n\n\n\n<p>Dan Wiener hat sich seine Musikkenntnisse weitestgehend autodidaktisch angeeignet. Hauptinstrumente sind die Gitarre und Gesang. Bereits die CDs, die bisher erscheinen sind, zeigen das breite Spektrum von traditioneller Russischer Musik (Volksmusik, Russian Gipsy Romanzen, Russische Chansons der 1960ern und -70ern) \u00fcber Schweizer Volksmusik (Mountains Don&#8217;t move, do they?) bis zu &#8222;tierisch&#8220; mit berndeutschen Chansons im Jazz und Latin-Stil.<\/p>\n\n\n\n<p>Dazu kommt szenische Musik f\u00fcr viele der Eigenproduktionen oder neue Schweizer Volkslieder f\u00fcr &#8222;\u00dcber alli B\u00e4rge&#8220; oder die Lieder zu den &#8222;Bremer Stadtmusikanten&#8220;. F\u00fcr &#8222;K\u00f6nig Hirsch&#8220; und &#8222;Tejbele&#8220; hat Dan Wiener auch angefangen Kontrabass zu spielen.<\/p>\n\n\n\n<p>Maria Thorgevsky und Dan Wiener haben gemeinsam ein grosses Repertoire an internationalen Chansons, Jazz-Balladen, franz\u00f6sischen Chansons, italienischen Canzoni bis zu jiddischen und sephardischen Liedern<\/p>\n\n\n\n<p>Die beiden Schauspieler singen Lieder in acht Sprachen und quer durch alle Stilrichtungen. Dan Wiener komponiert regelm\u00e4ssig Theatermusik und Chansons. Ihre B\u00fchnenpr\u00e4senz und die packenden Stimmen lassen ihre Konzerte zu einem Erlebnis werden. Oft ziehen sie auch weitere Musiker bei, und k\u00f6nnen somit f\u00fcr kleine und grosse Anl\u00e4sse ein passendes Programm zusammen stellen.<\/p>\n\n\n\n<p>Auf Spotify &amp; Co. sind einige der CDs zu h\u00f6ren.<\/p>\n","protected":false},"excerpt":{"rendered":"<p>Dan Wiener hat sich seine Musikkenntnisse weitestgehend autodidaktisch angeeignet. Hauptinstrumente sind die Gitarre und Gesang. Bereits die CDs, die bisher erscheinen sind, zeigen das breite Spektrum von traditioneller Russischer Musik (Volksmusik, Russian Gipsy Romanzen, Russische Chansons der 1960ern und -70ern) \u00fcber Schweizer Volksmusik (Mountains Don&#8217;t move, do they?) bis zu &#8222;tierisch&#8220; mit berndeutschen Chansons im [&hellip;]<\/p>\n","protected":false},"author":1,"featured_media":0,"parent":0,"menu_order":0,"comment_status":"closed","ping_status":"closed","template":"","meta":{"footnotes":""},"class_list":["post-8","page","type-page","status-publish","hentry"],"_links":{"self":[{"href":"https:\/\/wiener.ch\/dan-wiener\/wp-json\/wp\/v2\/pages\/8","targetHints":{"allow":["GET"]}}],"collection":[{"href":"https:\/\/wiener.ch\/dan-wiener\/wp-json\/wp\/v2\/pages"}],"about":[{"href":"https:\/\/wiener.ch\/dan-wiener\/wp-json\/wp\/v2\/types\/page"}],"author":[{"embeddable":true,"href":"https:\/\/wiener.ch\/dan-wiener\/wp-json\/wp\/v2\/users\/1"}],"replies":[{"embeddable":true,"href":"https:\/\/wiener.ch\/dan-wiener\/wp-json\/wp\/v2\/comments?post=8"}],"version-history":[{"count":4,"href":"https:\/\/wiener.ch\/dan-wiener\/wp-json\/wp\/v2\/pages\/8\/revisions"}],"predecessor-version":[{"id":62,"href":"https:\/\/wiener.ch\/dan-wiener\/wp-json\/wp\/v2\/pages\/8\/revisions\/62"}],"wp:attachment":[{"href":"https:\/\/wiener.ch\/dan-wiener\/wp-json\/wp\/v2\/media?parent=8"}],"curies":[{"name":"wp","href":"https:\/\/api.w.org\/{rel}","templated":true}]}}