{"id":2,"date":"2022-09-21T14:11:38","date_gmt":"2022-09-21T12:11:38","guid":{"rendered":"https:\/\/wiener.ch\/dan-wiener\/?page_id=2"},"modified":"2023-01-30T09:07:27","modified_gmt":"2023-01-30T08:07:27","slug":"autor","status":"publish","type":"page","link":"https:\/\/wiener.ch\/dan-wiener\/autor\/","title":{"rendered":"Autor"},"content":{"rendered":"\n<figure class=\"wp-block-image size-large\"><img loading=\"lazy\" decoding=\"async\" width=\"1024\" height=\"788\" src=\"https:\/\/wiener.ch\/dan-wiener\/wp-content\/uploads\/sites\/6\/2022\/10\/Dan-Autor2-1024x788.jpg\" alt=\"\" class=\"wp-image-66\" srcset=\"https:\/\/wiener.ch\/dan-wiener\/wp-content\/uploads\/sites\/6\/2022\/10\/Dan-Autor2-1024x788.jpg 1024w, https:\/\/wiener.ch\/dan-wiener\/wp-content\/uploads\/sites\/6\/2022\/10\/Dan-Autor2-300x231.jpg 300w, https:\/\/wiener.ch\/dan-wiener\/wp-content\/uploads\/sites\/6\/2022\/10\/Dan-Autor2-768x591.jpg 768w, https:\/\/wiener.ch\/dan-wiener\/wp-content\/uploads\/sites\/6\/2022\/10\/Dan-Autor2.jpg 1333w\" sizes=\"auto, (max-width: 1024px) 100vw, 1024px\" \/><\/figure>\n\n\n\n<p>Dan Wiener hat immer wieder Texte und Musik f\u00fcr die B\u00fchne geschrieben. Zuletzt auch f\u00fcr &#8222;<a href=\"https:\/\/wiener.ch\/thorgevsky-wiener\/2022\/10\/24\/noahs-neue-arche\/\" data-type=\"URL\" data-id=\"https:\/\/wiener.ch\/thorgevsky-wiener\/2022\/10\/24\/noahs-neue-arche\/\">Noahs Neue Arche<\/a>&#8222;.<br>In der Edition Panta Rhei sind bisher zwei Fachb\u00fccher auf Deutsch und in englischer \u00dcbersetzung erschienen:<br>&#8222;Manage Yourself, Before Others Do!&#8220; &#8211; ein Handbuch zum Selfmanagement<br>&#8222;Kultur, Vielfalt, Integration&#8220; &#8211; ein Kompass im Dschungel kultureller Unterschiede<\/p>\n\n\n\n<p>Am h\u00e4ufigsten sind bisher Dan Wieners B\u00fccher f\u00fcr Kinder im Baeschlin Verlag erschienen:<br>Die RIESEN Riesengeschichte&nbsp;(Eine Neuinterpretation der Sage vom Martinsloch)<br>Dr Joggeli mit de Zoggeli&nbsp;(Eine Weiterf\u00fchrung von Lisa Wengers Klassiker &#8222;Joggeli s\u00f6ll ga Birli sch\u00fcttle&#8220;)<br>Die Seetaler Drachensaga&nbsp;(Band 231 der drakologischen Forschung)&nbsp;<\/p>\n\n\n\n<p>F\u00fcr die Kindersendung SRF Kids hat Dan Wiener einige H\u00f6rspiele geschrieben, zum Beispiel <a rel=\"noreferrer noopener\" href=\"https:\/\/www.srf.ch\/audio\/srf-kids-hoerspiele\/herr-baenteli-eine-lustige-geschichte-ueber-eine-zeitreise?id=12268018#autoplay\" data-type=\"URL\" data-id=\"https:\/\/www.srf.ch\/audio\/srf-kids-hoerspiele\/herr-baenteli-eine-lustige-geschichte-ueber-eine-zeitreise?id=12268018#autoplay\" target=\"_blank\">&#8222;Dr Herr B\u00e4nteli&#8220;<\/a> oder die <a href=\"https:\/\/www.srf.ch\/audio\/srf-kids-hoerspiele\/riese-riese-gschichte-ein-glarner-hoerspiel-ueber-berge?id=11844471\" data-type=\"URL\" data-id=\"https:\/\/www.srf.ch\/audio\/srf-kids-hoerspiele\/riese-riese-gschichte-ein-glarner-hoerspiel-ueber-berge?id=11844471\">&#8222;Riese Riesegschicht&#8220;<\/a>.<\/p>\n\n\n\n<p>Ausserdem hat Dan Wiener viele literarische Texte, Lieder und Gedichte aus dem Russischen, Englischen und Jiddischen \u00fcbersetzt.&nbsp;<\/p>\n\n\n\n<p>Im AV-Verlag erschien seine \u00dcbersetzung aus dem Englischen in Reimform:&nbsp;&#8222;Der Alpenclub der Tiere&#8220;<br>Bei RECLAM LEIPZIG hat er seine Erst\u00fcbersetzungen von Scholem Aleichems kurzen Erz\u00e4hlungen herausgegeben &#8222;75 000 und andere Geschichten um Gott, Geld und Gl\u00fcck (letzte Exemplare bei uns erh\u00e4ltlich).<\/p>\n\n\n\n<p>Nicht zuletzt schreibt Dan Wiener regelm\u00e4ssig Satiren, Glossen und kurze Erz\u00e4hlungen, die gr\u00f6sstenteils noch nicht ver\u00f6ffentlicht sind.<\/p>\n\n\n\n<p class=\"has-large-font-size\"><a href=\"https:\/\/wiener.ch\/thorgevsky-wiener\/buecher\/\" data-type=\"URL\" data-id=\"https:\/\/wiener.ch\/thorgevsky-wiener\/buecher\/\">Link zu allen B\u00fcchern<\/a><\/p>\n","protected":false},"excerpt":{"rendered":"<p>Dan Wiener hat immer wieder Texte und Musik f\u00fcr die B\u00fchne geschrieben. Zuletzt auch f\u00fcr &#8222;Noahs Neue Arche&#8222;.In der Edition Panta Rhei sind bisher zwei Fachb\u00fccher auf Deutsch und in englischer \u00dcbersetzung erschienen:&#8222;Manage Yourself, Before Others Do!&#8220; &#8211; ein Handbuch zum Selfmanagement&#8222;Kultur, Vielfalt, Integration&#8220; &#8211; ein Kompass im Dschungel kultureller Unterschiede Am h\u00e4ufigsten sind bisher [&hellip;]<\/p>\n","protected":false},"author":1,"featured_media":0,"parent":0,"menu_order":0,"comment_status":"closed","ping_status":"closed","template":"","meta":{"footnotes":""},"class_list":["post-2","page","type-page","status-publish","hentry"],"_links":{"self":[{"href":"https:\/\/wiener.ch\/dan-wiener\/wp-json\/wp\/v2\/pages\/2","targetHints":{"allow":["GET"]}}],"collection":[{"href":"https:\/\/wiener.ch\/dan-wiener\/wp-json\/wp\/v2\/pages"}],"about":[{"href":"https:\/\/wiener.ch\/dan-wiener\/wp-json\/wp\/v2\/types\/page"}],"author":[{"embeddable":true,"href":"https:\/\/wiener.ch\/dan-wiener\/wp-json\/wp\/v2\/users\/1"}],"replies":[{"embeddable":true,"href":"https:\/\/wiener.ch\/dan-wiener\/wp-json\/wp\/v2\/comments?post=2"}],"version-history":[{"count":9,"href":"https:\/\/wiener.ch\/dan-wiener\/wp-json\/wp\/v2\/pages\/2\/revisions"}],"predecessor-version":[{"id":89,"href":"https:\/\/wiener.ch\/dan-wiener\/wp-json\/wp\/v2\/pages\/2\/revisions\/89"}],"wp:attachment":[{"href":"https:\/\/wiener.ch\/dan-wiener\/wp-json\/wp\/v2\/media?parent=2"}],"curies":[{"name":"wp","href":"https:\/\/api.w.org\/{rel}","templated":true}]}}